{"id":3592,"date":"2022-11-18T04:11:28","date_gmt":"2022-11-18T04:11:28","guid":{"rendered":"https:\/\/tdcovn.com\/demo\/new_hotel\/?post_type=product&#038;p=3592"},"modified":"2026-04-29T12:24:39","modified_gmt":"2026-04-29T12:24:39","slug":"deluxe-hill-view-room","status":"publish","type":"product","link":"https:\/\/tiendatresort.com.vn\/vi\/product\/deluxe-hill-view-room\/","title":{"rendered":"Deluxe Hill View"},"content":{"rendered":"<p>Ph\u00f2ng Deluxe \u0111\u01b0\u1ee3c b\u1ed1 tr\u00ed \u1edf t\u1ea7ng hai v\u00e0 ba to\u00e0 nh\u00e0 khu \u0111\u1ed3i. C\u00e1c ph\u00f2ng \u0111\u01b0\u1ee3c thi\u1ebft k\u1ebf sang tr\u1ecdng v\u1edbi ban c\u00f4ng h\u01b0\u1edbng ra v\u01b0\u1eddn lan, gi\u00fap b\u1ea1n c\u00f3 nh\u1eefng gi\u00e2y ph\u00fat th\u01b0 gi\u1ea3n c\u00f9ng v\u1edbi thi\u00ean nhi\u00ean trong su\u1ed1t k\u1ef3 ngh\u1ec9.<\/p>","protected":false},"excerpt":{"rendered":"<p>Ph\u00f2ng Deluxe \u0111\u01b0\u1ee3c b\u1ed1 tr\u00ed \u1edf t\u1ea7ng hai v\u00e0 ba to\u00e0 nh\u00e0 khu \u0111\u1ed3i. C\u00e1c ph\u00f2ng \u0111\u01b0\u1ee3c thi\u1ebft k\u1ebf sang tr\u1ecdng v\u1edbi ban c\u00f4ng h\u01b0\u1edbng ra v\u01b0\u1eddn lan, gi\u00fap b\u1ea1n c\u00f3 nh\u1eefng gi\u00e2y ph\u00fat th\u01b0 gi\u1ea3n c\u00f9ng v\u1edbi thi\u00ean nhi\u00ean trong su\u1ed1t k\u1ef3 ngh\u1ec9.<\/p>\n","protected":false},"featured_media":4242,"comment_status":"open","ping_status":"closed","template":"","meta":[],"product_cat":[28],"product_tag":[],"_links":{"self":[{"href":"https:\/\/tiendatresort.com.vn\/vi\/wp-json\/wp\/v2\/product\/3592"}],"collection":[{"href":"https:\/\/tiendatresort.com.vn\/vi\/wp-json\/wp\/v2\/product"}],"about":[{"href":"https:\/\/tiendatresort.com.vn\/vi\/wp-json\/wp\/v2\/types\/product"}],"replies":[{"embeddable":true,"href":"https:\/\/tiendatresort.com.vn\/vi\/wp-json\/wp\/v2\/comments?post=3592"}],"wp:featuredmedia":[{"embeddable":true,"href":"https:\/\/tiendatresort.com.vn\/vi\/wp-json\/wp\/v2\/media\/4242"}],"wp:attachment":[{"href":"https:\/\/tiendatresort.com.vn\/vi\/wp-json\/wp\/v2\/media?parent=3592"}],"wp:term":[{"taxonomy":"product_cat","embeddable":true,"href":"https:\/\/tiendatresort.com.vn\/vi\/wp-json\/wp\/v2\/product_cat?post=3592"},{"taxonomy":"product_tag","embeddable":true,"href":"https:\/\/tiendatresort.com.vn\/vi\/wp-json\/wp\/v2\/product_tag?post=3592"}],"curies":[{"name":"wp","href":"https:\/\/api.w.org\/{rel}","templated":true}]}}